{"id":1965,"date":"2024-02-17T08:46:14","date_gmt":"2024-02-17T08:46:14","guid":{"rendered":"https:\/\/www.movsarturizm.com\/?page_id=1965"},"modified":"2024-02-17T09:50:04","modified_gmt":"2024-02-17T09:50:04","slug":"kultur-turlari","status":"publish","type":"page","link":"https:\/\/www.movsarturizm.com\/index.php\/kultur-turlari\/","title":{"rendered":"K\u00fclt\u00fcr Turlar\u0131"},"content":{"rendered":"<div data-colibri-id=\"1965-c1\" class=\"style-566 style-local-1965-c1 position-relative\">\n  <!---->\n  <div data-colibri-component=\"section\" data-colibri-id=\"1965-c2\" id=\"custom\" class=\"h-section h-section-global-spacing d-flex align-items-lg-center align-items-md-center align-items-center style-567 style-local-1965-c2 position-relative\">\n    <!---->\n    <!---->\n    <div class=\"h-section-grid-container h-section-boxed-container\">\n      <!---->\n      <div data-colibri-id=\"1965-c3\" class=\"h-row-container gutters-row-lg-2 gutters-row-md-2 gutters-row-0 gutters-row-v-lg-2 gutters-row-v-md-2 gutters-row-v-2 style-568 style-local-1965-c3 position-relative\">\n        <!---->\n        <div class=\"h-row justify-content-lg-center justify-content-md-center justify-content-center align-items-lg-stretch align-items-md-stretch align-items-stretch gutters-col-lg-2 gutters-col-md-2 gutters-col-0 gutters-col-v-lg-2 gutters-col-v-md-2 gutters-col-v-2\">\n          <!---->\n          <div class=\"h-column h-column-container d-flex h-col-lg-auto h-col-md-auto h-col-auto style-569-outer style-local-1965-c4-outer\">\n            <div data-colibri-id=\"1965-c4\" class=\"d-flex h-flex-basis h-column__inner h-px-lg-2 h-px-md-2 h-px-2 v-inner-lg-2 v-inner-md-2 v-inner-2 style-569 style-local-1965-c4 position-relative\">\n              <!---->\n              <!---->\n              <div class=\"w-100 h-y-container h-column__content h-column__v-align flex-basis-100 align-self-lg-start align-self-md-start align-self-start\">\n                <!---->\n                <div data-colibri-id=\"1965-c5\" class=\"h-text h-text-component style-570 style-local-1965-c5 position-relative h-element\">\n                  <!---->\n                  <!---->\n                  <div class=\"\">\n                    <h2>K\u00dcLT\u00dcR TURLARI<\/h2>\n                    <h2>K\u00fclt\u00fcr Turlar\u0131<\/h2>\n                    <p>Siz de yorucu bir haftan\u0131n sonunda hafta sonunuzu gezerek ve yeni yerler ke\u015ffederek de\u011ferlendirmek ister misiniz? E\u011fer hafta sonu bir t\u00fcrl\u00fc ne yapmak ya da nereye gitmek istedi\u011finize karar veremiyorsan\u0131z size e\u011flenceli bir \u00f6nerimiz\n                      var; uygun fiyatl\u0131&nbsp;\n                      <a href=\"https:\/\/www.tatilbudur.com\/kultur-turlari\/dogu-ekspresi-tren-turlari\" style=\"color: unset;\" class=\"customize-unpreviewable\">hafta sonu turlar\u0131<\/a>&nbsp;ile g\u00fcn\u00fcn\u00fcz\u00fc g\u00fczelle\u015ftirebilirsiniz. Tercih etti\u011finiz k\u00fclt\u00fcr turlar\u0131na ve konaklama durumuna g\u00f6re tur fiyatlar\u0131 de\u011fi\u015fiklik g\u00f6sterebiliyor. S\u0131kl\u0131kla d\u00fczenlenen kampanyalar\u0131 takip etti\u011finiz takdirde b\u00fct\u00e7enizi\n                      zorlamadan hafta sonunuzu e\u011flenceli hale getirebilirsiniz.<\/p>\n                    <h3>En Uygun Yurti\u00e7i Turlar<\/h3>\n                    <p>\u00dclkemizin t\u00fcm g\u00fczelliklerini ke\u015ffedebilece\u011finiz her b\u00fct\u00e7eye uygun<\/p>\n                    <p>G\u00fczel \u00fclkemizin g\u00fczel \u015fehirlerindeki ya\u015fanm\u0131\u015fl\u0131klara tan\u0131kl\u0131k edece\u011finiz ve unutulmaz anlar biriktirece\u011finiz bir\u00e7ok rotay\u0131 TatilBudur ayr\u0131cal\u0131klar\u0131 ile ke\u015ffetmene ne dersiniz?<\/p>\n                    <p>K\u00fclt\u00fcr turlar\u0131 ile g\u00fczide \u015fehirlere tan\u0131kl\u0131k edece\u011finiz emsalsiz bir tatil ge\u00e7irebilirsiniz. \u0130stedi\u011finiz kriterlere uygun turu planlayarak TatilBudur\u2019la yeni ke\u015fiflere yelken a\u00e7abilirsiniz.<\/p>\n                    <h3>Ankara \u00c7\u0131k\u0131\u015fl\u0131 K\u00fclt\u00fcr Turlar\u0131<\/h3>\n                    <p>\u015eehrin k\u00fclt\u00fcr\u00fcn\u00fc, yemeklerini ve geleneklerini ke\u015ffedece\u011finiz k\u00fclt\u00fcr turlar\u0131nda ya\u015fad\u0131\u011f\u0131n\u0131z lokasyonlara yak\u0131n \u00e7\u0131k\u0131\u015flarla konforlu bir tur deneyimi ya\u015fayabilirsiniz. Ankara \u00e7\u0131k\u0131\u015fl\u0131 K\u00fclt\u00fcr Turlar\u0131 ile Kapadokya\u2019n\u0131n e\u015fsiz g\u00fczelliklerini\n                      ke\u015ffedebilir, Karadeniz\u2019in yaylalar\u0131nda huzur bulabilir, GAP turu ile b\u00f6lge k\u00fclt\u00fcr\u00fcn\u00fc ve mimarisini yak\u0131ndan tan\u0131yabilirsiniz. Daha fazla tatil mottosuyla pek \u00e7ok yeri ke\u015ffedebilece\u011finiz k\u00fclt\u00fcr turu f\u0131rsatlar\u0131 TatilBudur\u2019da sizi\n                      bekliyor.<\/p>\n                    <h3>\u0130zmir \u00c7\u0131k\u0131\u015fl\u0131 K\u00fclt\u00fcr Turlar\u0131<\/h3>\n                    <p>\u0130zmir\u2019den hareketle ger\u00e7ekle\u015fen k\u00fclt\u00fcr turlar\u0131 sayesinde ya\u015fad\u0131\u011f\u0131n\u0131z b\u00f6lgeden kolayca Kapadokya\u2019y\u0131, Likya\u2019y\u0131, Ayval\u0131k\u2019\u0131 ve Bodrum\u2019u ziyaret edebilirsiniz. Farkl\u0131 k\u00fclt\u00fcrlerin detaylar\u0131n\u0131 \u00f6\u011frenip sevdiklerinizle keyifli vakit ge\u00e7irece\u011finiz\n                      k\u00fclt\u00fcr turlar\u0131nda profesyonel rehberlerimiz sizinle \u015fehrin s\u0131rlar\u0131n\u0131 payla\u015farak, size yeni ufuklar a\u00e7acak detaylar payla\u015facaklar. Hayat\u0131n\u0131za yeni pencereler a\u00e7mak ve yeni an\u0131lar biriktirmek isterseniz TatilBudur size uygun f\u0131rsatlar\n                      sunup, keyifli bir tatil yapman\u0131z i\u00e7in olanak sa\u011flayacakt\u0131r.<\/p>\n                    <h3>\u0130stanbul \u00c7\u0131k\u0131\u015fl\u0131 K\u00fclt\u00fcr Turlar\u0131<\/h3>\n                    <p>\u015eehrin yo\u011fun temposundan uzakla\u015farak, kendinizi tazelemek isterseniz TatilBudur k\u00fclt\u00fcr turlar\u0131 sizin i\u00e7in alternatif rotalar sunuyor. \u0130stanbul\u2019dan \u00e7\u0131kaca\u011f\u0131n\u0131z konforlu yolculu\u011funuzla TatilBudur farkl\u0131 k\u00fclt\u00fcrleri deneyimlemenize, yeni\n                      lezzetler tatman\u0131za, b\u00f6lgenin do\u011fal g\u00fczelliklerini yak\u0131ndan ke\u015ffetmenize olanak tan\u0131yacakt\u0131r.<\/p>\n                    <h3>G\u00fcn\u00fcbirlik K\u00fclt\u00fcr Turlar\u0131<\/h3>\n                    <p>G\u00fcn\u00fcn\u00fcz\u00fc keyifli ve dolu dolu ge\u00e7irmek isterseniz TatilBudur&#8217;un g\u00fcn\u00fcbirlik turlar\u0131 size uygun f\u0131rsatlar\u0131 sunacakt\u0131r.<\/p>\n                    <p>Sevdiklerinizle g\u00fcn\u00fcn\u00fcz\u00fc yeni yerleri g\u00f6rerek, yeni deneyimler ke\u015ffederek ge\u00e7irmek isterseniz birbirinden farkl\u0131 tur programlar\u0131 sizleri bekliyor olacak. Eski\u015fehir Odun Pazar\u0131 turlar\u0131, Edirne Turlar\u0131, \u015eile A\u011fva Polonezk\u00f6y Turlar\u0131 ve\n                      \u00e7ok daha fazlas\u0131 sizleri farkl\u0131 lezzetlere, do\u011fal g\u00fczelliklere ve yeni k\u00fclt\u00fcrlere davet ediyor.<\/p>\n                    <h3>G\u00fcn\u00fc birlik k\u00fclt\u00fcr turlar\u0131<\/h3>\n                    <p>ile hayat\u0131n\u0131za renk katmak isterseniz<\/p>\n                    <h3>\u015eile, A\u011fva, Polonezk\u00f6y turu<\/h3>\n                    <p>ile keyifli bir kahvalt\u0131 yapabilir, y\u00fcr\u00fcy\u00fc\u015f ger\u00e7ekle\u015ftirebilir, b\u00f6lgeye dair bilgiler \u00f6\u011frenip b\u00f6lgenin foto\u011fraflar\u0131n\u0131 \u00e7ekerek seyahatinizi \u00f6l\u00fcms\u00fczle\u015ftirebilirsiniz.<\/p>\n                    <p>Huzurlu bir g\u00fcn ge\u00e7irmek isteyenlerdenseniz<\/p>\n                    <h3>Kartepe, Ma\u015fukiye, Sapanca turu<\/h3>\n                    <p>tam size uygun. Bu lokasyonda keyifli bir kahvalt\u0131 yapabilir, temiz havada g\u00fczel bir y\u00fcr\u00fcy\u00fc\u015f yapabilir ve manzaraya kar\u015f\u0131 kahvenizi yudumlayarak \u015fehrin temposundan uzakla\u015ft\u0131\u011f\u0131n\u0131z\u0131 hissedebilirsiniz.<\/p>\n                    <p>Profesyonel rehberimizin anlat\u0131m\u0131yla ger\u00e7ekle\u015fecek<\/p>\n                    <h3>G\u00fcn\u00fcbirlik Hobbit Evleri Ormanya Tabiat Park\u0131 Ma\u015fukiye Sapanca turumuzda<\/h3>\n                    <p>b\u00f6lgeye dair bilgiler edinebilir, do\u011fan\u0131n sakinli\u011fine kendimizi b\u0131rakabilir ve dinlenmi\u015f bir \u015fekilde bir g\u00fcn\u00fc arkam\u0131zda b\u0131rakabiliriz.<\/p>\n                    <h3>Do\u011fu Ekspresi Turlar\u0131<\/h3>\n                    <p>Pek \u00e7ok do\u011fal g\u00fczelli\u011fe, farkl\u0131 mimariye ve k\u00fclt\u00fcre ev sahipli\u011fi yapan lokasyonlar\u0131 kapsan k\u00fclt\u00fcr turunda ilham alaca\u011f\u0131n\u0131z bir\u00e7ok detaya rastlayabilir, profesyonel rehberlerimizin anlat\u0131m\u0131yla \u015fehri daha yak\u0131ndan tan\u0131yabilirsiniz. Eski\n                      Erzurum Evleri, Ta\u015fhan, Allahuekber Da\u011flar\u0131, Ani Harabeleri gibi yap\u0131lar\u0131 ve \u00e7ok daha fazlas\u0131 ziyaret i\u00e7in sizi bekliyor.<\/p>\n                    <h3>Karadeniz K\u00fclt\u00fcr Turlar\u0131<\/h3>\n                    <p>\u0130stanbul, Ankara, Eski\u015fehir, Bursa gibi ya\u015fad\u0131\u011f\u0131n\u0131z \u015fehirden hareketle Karadeniz K\u00fclt\u00fcr Turlar\u0131na rahat\u00e7a kat\u0131l\u0131m g\u00f6sterebilirsiniz. Her mevsim kendine hayran b\u0131rakan manzaras\u0131yla sizleri kar\u015f\u0131layacak Karadeniz&#8217;de b\u00fct\u00e7enize ve zevkinize\n                      uygun turlara dahil olabilirsiniz. Birbirinden enfes lezzetlerini tadabilir, do\u011fal g\u00fczelliklerini ve yaylalar\u0131n\u0131 ke\u015ffedebilirsiniz.<\/p>\n                    <p>Dolu dolu ge\u00e7ecek<\/p>\n                    <h3>\n                      <a href=\"https:\/\/www.tatilbudur.com\/kultur-turlari\/karadeniz-turlari\" style=\"color: unset;\" class=\"customize-unpreviewable\">Karadeniz ve Yaylalar Turu<\/a>\n                    <\/h3>\n                    <p>ile g\u00f6rebilece\u011finiz lokasyonlar aras\u0131nda Samsun, Giresun Kalesi, Of, \u00c7aml\u0131hem\u015fin, Ayder Yaylas\u0131, Batum bulunmaktad\u0131r. Pek\u00e7ok lokasyonu bir arada g\u00f6rece\u011finiz bu turda yeni k\u00fclt\u00fcrleri, do\u011fal g\u00fczellikleri ve lezzetleri ke\u015ffedeceksiniz.<\/p>\n                    <p>Unutamayaca\u011f\u0131n\u0131z deneyimler kazanaca\u011f\u0131n\u0131z bu turda keyifli vakit ge\u00e7ireceksiniz.<\/p>\n                    <p>Huzurlu bir yolculuk yapaca\u011f\u0131n\u0131z<\/p>\n                    <h3>\n                      <a href=\"https:\/\/www.tatilbudur.com\/karadeniz-ruyasi-ve-yaylalar-turu-5-gece-otel-konaklamasi\" style=\"color: unset;\" class=\"customize-unpreviewable\">Karadeniz R\u00fcyas\u0131 ve Yaylalar Turu<\/a>&nbsp;ile<\/h3>\n                    <p>seyahatte birbirinden farkl\u0131 do\u011fal g\u00fczelliklere ve manzaralara tan\u0131k olacak ye\u015filin her tonunu ke\u015ffedeceksiniz.<\/p>\n                    <p>\u015eehrin temposundan s\u0131yr\u0131l\u0131p dinginle\u015fece\u011finiz bu seyahat size yeni bir bak\u0131\u015f a\u00e7\u0131s\u0131 kazand\u0131racak.<\/p>\n                    <h3>Ege K\u00fclt\u00fcr Turlar\u0131<\/h3>\n                    <p>Ya\u015fad\u0131\u011f\u0131n\u0131z \u015fehre uygun \u00e7\u0131k\u0131\u015flar\u0131 ger\u00e7ekle\u015ftirerek Ege&#8217;nin birbirinden g\u00fczel lokasyonlar\u0131nda ruhunuzu dinlendirebilirsiniz. \u0130zmir, Mu\u011fla ve pek \u00e7ok farkl\u0131 ve g\u00fczel ilin do\u011fal g\u00fczelliklerini, lezzetlerini ve do\u011fas\u0131n\u0131 yak\u0131ndan ke\u015ffedebilirsiniz.<\/p>\n                    <h3>Akdeniz K\u00fclt\u00fcr Turlar\u0131<\/h3>\n                    <p>Akdeniz \u0130klimi, do\u011fas\u0131 ve do\u011fal g\u00fczellikleri ile sizi b\u00fcy\u00fcleyecek! Siz de kat\u0131laca\u011f\u0131n\u0131z k\u00fclt\u00fcr turuyla b\u00f6lgeyi yak\u0131ndan ke\u015ffedebilir, sevdiklerinizle keyifli bir tatil ger\u00e7ekle\u015ftirebilirsiniz.<\/p>\n                    <h3>GAP Turlar\u0131<\/h3>\n                    <p>G\u00fcneydo\u011fu Anadolu&#8217;nun do\u011fal g\u00fczelliklerini, milli parklar\u0131n\u0131 ve m\u00fczelerini ke\u015ffedece\u011finiz turda b\u00f6lgeye ait lezzetlerle tan\u0131\u015fabilir unutulmaz an\u0131larla d\u00f6nebilirsiniz. Halfeti, Hasankeyf, Nemrut Da\u011f\u0131, Bal\u0131kl\u0131g\u00f6l, G\u00f6beklitepe ve pek\n                      \u00e7ok do\u011fal g\u00fczelli\u011fe ev sahipli\u011fi yapan bu lokasyonda bol bol foto\u011fraf \u00e7ekebilir ve an\u0131lar\u0131n\u0131z\u0131 \u00f6l\u00fcms\u00fczle\u015ftirebilirsiniz.<\/p>\n                    <p>\n                      <br>\n                    <\/p>\n                    <h3>\n                      <a href=\"https:\/\/www.tatilbudur.com\/klasik-gap-turu-5-gece-otel-konaklamasi\" style=\"color: unset;\" class=\"customize-unpreviewable\">Klasik GAP Turu<\/a>\n                    <\/h3>\n                    <p>ile profesyonel tur rehberlerinin e\u015fli\u011finde keyifli bir tur ger\u00e7ekle\u015ftirebilirsiniz. Turda g\u00f6rece\u011finiz lokasyonlar ise Gaziantep Mozaik M\u00fczesi, Gaziantep Kalesi, Kasteller olacakt\u0131r. Halfeti Tekne Turu ile keyifli anlar ya\u015fayacak,\n                      Nemrut Da\u011f\u0131&#8217;n\u0131, Diyarbak\u0131r&#8217;\u0131, surlar\u0131, Midyat&#8217;\u0131 ve pek\u00e7ok do\u011fal g\u00fczelli\u011fi yak\u0131ndan tan\u0131ma f\u0131rsat\u0131 yakalayacaks\u0131n\u0131z.<\/p>\n                    <p>\n                      <br>\n                    <\/p>\n                    <h3>\n                      <a href=\"https:\/\/www.tatilbudur.com\/gap-ruyasi-turu-malatya-elazig-dahil-6-gece-otel-konaklamasi\" style=\"color: unset;\" class=\"customize-unpreviewable\">GAP R\u00fcyas\u0131 Turu<\/a>\n                    <\/h3>\n                    <p>ile<\/p>\n                    <p>Malatya ve Elaz\u0131\u011f&#8217;\u0131 da g\u00f6rme f\u0131rsat\u0131 yakalayaca\u011f\u0131n\u0131z bu turda r\u00fcya gibi bir seyahat ger\u00e7ekle\u015ftireceksiniz. Tur esnas\u0131nda Antakya, Asi Nehri, Nemrut Da\u011f\u0131, Diyarbak\u0131r Surlar\u0131, Hasaneyf, Midyat, Mor Gabriel g\u00f6rece\u011finiz birka\u00e7 lokasyona\n                      \u00f6rnektir.<\/p>\n                    <h3>Kapadokya K\u00fclt\u00fcr Turlar\u0131<\/h3>\n                    <p>\u0130lkbahar ve sonbahar aylar\u0131n\u0131n g\u00f6zde rotalar\u0131ndan olan Kapadokya&#8217;ya TatilBudur&#8217;un k\u00fclt\u00fcr turlar\u0131 ile kat\u0131labilir, g\u00f6z al\u0131c\u0131 \u015fehirlere do\u011fru yola \u00e7\u0131kabilirsiniz.<\/p>\n                    <p>Kapadokya&#8217;da yeralt\u0131 \u015fehirlerini ke\u015ffedebilir, \u00e7\u00f6mlek sanat\u0131yla tan\u0131\u015fabilir ya da balona binerek \u015fehri g\u00f6ky\u00fcz\u00fcnden izleyebilirsiniz.<\/p>\n                    <h3>Kapadokya K\u00fclt\u00fcr Turlar\u0131 ile<\/h3>\n                    <p>Kapadokya&#8217;n\u0131n g\u00f6rkemli d\u00fcnyas\u0131na ula\u015faca\u011f\u0131n\u0131z keyifli yolculu\u011funuzda Yeralt\u0131 \u015eehri&#8217;ni, Nev\u015fehir&#8217;i, Pa\u015faba\u011f&#8217;\u0131, Devrent Vadisi&#8217;ni, \u00dcrg\u00fcp&#8217;\u00fc ve \u015earap Mahzenleri&#8217;ni g\u00f6recek, Balon Turu ile sabah\u0131n erken saatlerinde sizi b\u00fcy\u00fcs\u00fc alt\u0131na alacak\n                      g\u00f6r\u00fcn\u00fcmle bulu\u015fabilirsiniz. Farkl\u0131 \u015fehirlerden \u00e7\u0131k\u0131\u015f yapan turlar sayesinde konforlu bir tatil ger\u00e7ekle\u015ftirebilirsiniz.<\/p>\n                    <h3>Resmi Tatillerde TatilBudur K\u00fclt\u00fcr Turu F\u0131rsatlar\u0131<\/h3>\n                    <p>Resmi tatillerde de g\u00fcn\u00fcn\u00fcz\u00fc de\u011ferlendirmeniz ve uygun f\u0131rsatlarla sevdiklerinizle g\u00fczel bir tatil ge\u00e7irmeniz TatilBudur&#8217;la m\u00fcmk\u00fcn. Sizler de tatil g\u00fcn\u00fcn\u00fcze renk katacak en uygun tatili bulabilirsiniz.<\/p>\n                    <p>\n                      <br>\n                    <\/p>\n                  <\/div>\n                <\/div>\n              <\/div>\n            <\/div>\n          <\/div>\n        <\/div>\n      <\/div>\n    <\/div>\n  <\/div>\n<\/div>","protected":false},"excerpt":{"rendered":"<p>K\u00dcLT\u00dcR TURLARI K\u00fclt\u00fcr Turlar\u0131 Siz de yorucu bir haftan\u0131n sonunda hafta sonunuzu gezerek ve yeni yerler ke\u015ffederek de\u011ferlendirmek ister misiniz? E\u011fer hafta sonu bir t\u00fcrl\u00fc ne yapmak ya da nereye gitmek istedi\u011finize karar veremiyorsan\u0131z size e\u011flenceli bir \u00f6nerimiz var; uygun fiyatl\u0131&nbsp; hafta sonu turlar\u0131&nbsp;ile g\u00fcn\u00fcn\u00fcz\u00fc g\u00fczelle\u015ftirebilirsiniz. Tercih etti\u011finiz k\u00fclt\u00fcr turlar\u0131na ve konaklama durumuna g\u00f6re tur [&hellip;]<\/p>\n","protected":false},"author":1,"featured_media":0,"parent":0,"menu_order":0,"comment_status":"closed","ping_status":"closed","template":"page-templates\/full-width-page.php","meta":{"footnotes":""},"_links":{"self":[{"href":"https:\/\/www.movsarturizm.com\/index.php\/wp-json\/wp\/v2\/pages\/1965"}],"collection":[{"href":"https:\/\/www.movsarturizm.com\/index.php\/wp-json\/wp\/v2\/pages"}],"about":[{"href":"https:\/\/www.movsarturizm.com\/index.php\/wp-json\/wp\/v2\/types\/page"}],"author":[{"embeddable":true,"href":"https:\/\/www.movsarturizm.com\/index.php\/wp-json\/wp\/v2\/users\/1"}],"replies":[{"embeddable":true,"href":"https:\/\/www.movsarturizm.com\/index.php\/wp-json\/wp\/v2\/comments?post=1965"}],"version-history":[{"count":3,"href":"https:\/\/www.movsarturizm.com\/index.php\/wp-json\/wp\/v2\/pages\/1965\/revisions"}],"predecessor-version":[{"id":2026,"href":"https:\/\/www.movsarturizm.com\/index.php\/wp-json\/wp\/v2\/pages\/1965\/revisions\/2026"}],"wp:attachment":[{"href":"https:\/\/www.movsarturizm.com\/index.php\/wp-json\/wp\/v2\/media?parent=1965"}],"curies":[{"name":"wp","href":"https:\/\/api.w.org\/{rel}","templated":true}]}}