{"id":1969,"date":"2024-02-17T08:47:58","date_gmt":"2024-02-17T08:47:58","guid":{"rendered":"https:\/\/www.movsarturizm.com\/?page_id=1969"},"modified":"2024-02-17T09:51:56","modified_gmt":"2024-02-17T09:51:56","slug":"gemi-turlari","status":"publish","type":"page","link":"https:\/\/www.movsarturizm.com\/index.php\/gemi-turlari\/","title":{"rendered":"Gemi Turlar\u0131"},"content":{"rendered":"<div data-colibri-id=\"1969-c1\" class=\"style-576 style-local-1969-c1 position-relative\">\n  <!---->\n  <div data-colibri-component=\"section\" data-colibri-id=\"1969-c2\" id=\"custom\" class=\"h-section h-section-global-spacing d-flex align-items-lg-center align-items-md-center align-items-center style-577 style-local-1969-c2 position-relative\">\n    <!---->\n    <!---->\n    <div class=\"h-section-grid-container h-section-boxed-container\">\n      <!---->\n      <div data-colibri-id=\"1969-c3\" class=\"h-row-container gutters-row-lg-2 gutters-row-md-2 gutters-row-0 gutters-row-v-lg-2 gutters-row-v-md-2 gutters-row-v-2 style-578 style-local-1969-c3 position-relative\">\n        <!---->\n        <div class=\"h-row justify-content-lg-center justify-content-md-center justify-content-center align-items-lg-stretch align-items-md-stretch align-items-stretch gutters-col-lg-2 gutters-col-md-2 gutters-col-0 gutters-col-v-lg-2 gutters-col-v-md-2 gutters-col-v-2\">\n          <!---->\n          <div class=\"h-column h-column-container d-flex h-col-lg-auto h-col-md-auto h-col-auto style-579-outer style-local-1969-c4-outer\">\n            <div data-colibri-id=\"1969-c4\" class=\"d-flex h-flex-basis h-column__inner h-px-lg-2 h-px-md-2 h-px-2 v-inner-lg-2 v-inner-md-2 v-inner-2 style-579 style-local-1969-c4 position-relative\">\n              <!---->\n              <!---->\n              <div class=\"w-100 h-y-container h-column__content h-column__v-align flex-basis-100 align-self-lg-start align-self-md-start align-self-start\">\n                <!---->\n                <div data-colibri-id=\"1969-c5\" class=\"h-text h-text-component style-580 style-local-1969-c5 position-relative h-element\">\n                  <!---->\n                  <!---->\n                  <div class=\"\">\n                    <h2>GEM\u0130 TURLARI<\/h2>\n                    <p>Mavi yolculuktan b\u0131kmayanlar\u0131n tatil tercihleri aras\u0131ndad\u0131r gemi turlar\u0131. Uzun gemi yolculuklar\u0131yla hem yurt i\u00e7i hem de yurt d\u0131\u015f\u0131 turlara kat\u0131labilir; hi\u00e7 g\u00f6rmedi\u011finiz \u00fclkeleri, \u015fehirleri ve adalar\u0131 gezebilirsiniz.<\/p>\n                    <p>Ege ve Akdeniz\u2019e d\u00fczenlenen gemi turlar\u0131 yo\u011fun ilgi g\u00f6rmekte\u2026 \u00d6zellikle Yunan adalar\u0131na d\u00fczenlenen gemi turlar\u0131n\u0131n ba\u015fl\u0131ca noktalar\u0131; Patmos, Mikanos, Girit, Milos, Sisam ve Siros\u2019tur. Fransa, \u0130talya, \u0130spanya, Malta, Tunus gibi Akdeniz\n                      k\u0131y\u0131s\u0131na sahip olan \u00fclkeleri merak ediyorsan\u0131z tercihinizi Akdeniz gemi turlar\u0131ndan yana kullan\u0131n.<\/p>\n                    <p>TatilBudur.com ayr\u0131cal\u0131\u011f\u0131yla unutulmaz bir gemi turuna \u00e7\u0131karak; yeni k\u00fclt\u00fcrlere, yeni insanlara tatilinizde yer verebilirsiniz. Ayr\u0131ca gemi turu esnas\u0131nda gemide d\u00fczenlenen animasyon ve gece \u015fovlar\u0131yla keyifli vakitler ge\u00e7irebilirsiniz.\n                      Yapman\u0131z gereken tek \u015fey TatilBudur.com olarak sizler i\u00e7in d\u00fczenledi\u011fimiz &#8220;Gemi Turlar\u0131&#8221; sayfam\u0131za g\u00f6z at\u0131p, sizlere hitap eden tur program\u0131 hakk\u0131nda detayl\u0131 bilgi edinmek\u2026<\/p>\n                    <h3>En \u00c7ok Tercih Edilen Gemi Turlar\u0131<\/h3>\n                    <p>Bu noktada sizlerin de yo\u011fun ilgisini g\u00f6rd\u00fc\u011f\u00fc b\u00f6lgeleri rotam\u0131za dahil edip, gemi turlar\u0131m\u0131z\u0131 d\u00fczenliyoruz.&nbsp;\n                      <a href=\"http:\/\/beta.tatilbudur.com\/gemi-turlari\/cruise-rotalari\/vizesiz-yunan-adalari-gemi-turlari\" style=\"color: unset;\"\n                        class=\"customize-unpreviewable\">Vizesiz Yunan Adalar\u0131<\/a>, Ege Adriyatik, Akdeniz, Kuzey Avrupa gibi kategorize edip sizlerle bulu\u015fturdu\u011fumuz gemi turlar\u0131m\u0131z\u0131n yan\u0131 s\u0131ra nehir turlar\u0131 da&nbsp;son y\u0131llarda en \u00e7ok tercih edilen tur programlar\u0131m\u0131zdand\u0131r.<\/p>\n                    <p>\n                      <br>\n                    <\/p>\n                  <\/div>\n                <\/div>\n              <\/div>\n            <\/div>\n          <\/div>\n        <\/div>\n      <\/div>\n    <\/div>\n  <\/div>\n<\/div>","protected":false},"excerpt":{"rendered":"<p>GEM\u0130 TURLARI Mavi yolculuktan b\u0131kmayanlar\u0131n tatil tercihleri aras\u0131ndad\u0131r gemi turlar\u0131. Uzun gemi yolculuklar\u0131yla hem yurt i\u00e7i hem de yurt d\u0131\u015f\u0131 turlara kat\u0131labilir; hi\u00e7 g\u00f6rmedi\u011finiz \u00fclkeleri, \u015fehirleri ve adalar\u0131 gezebilirsiniz. Ege ve Akdeniz\u2019e d\u00fczenlenen gemi turlar\u0131 yo\u011fun ilgi g\u00f6rmekte\u2026 \u00d6zellikle Yunan adalar\u0131na d\u00fczenlenen gemi turlar\u0131n\u0131n ba\u015fl\u0131ca noktalar\u0131; Patmos, Mikanos, Girit, Milos, Sisam ve Siros\u2019tur. Fransa, \u0130talya, [&hellip;]<\/p>\n","protected":false},"author":1,"featured_media":0,"parent":0,"menu_order":0,"comment_status":"closed","ping_status":"closed","template":"page-templates\/full-width-page.php","meta":{"footnotes":""},"_links":{"self":[{"href":"https:\/\/www.movsarturizm.com\/index.php\/wp-json\/wp\/v2\/pages\/1969"}],"collection":[{"href":"https:\/\/www.movsarturizm.com\/index.php\/wp-json\/wp\/v2\/pages"}],"about":[{"href":"https:\/\/www.movsarturizm.com\/index.php\/wp-json\/wp\/v2\/types\/page"}],"author":[{"embeddable":true,"href":"https:\/\/www.movsarturizm.com\/index.php\/wp-json\/wp\/v2\/users\/1"}],"replies":[{"embeddable":true,"href":"https:\/\/www.movsarturizm.com\/index.php\/wp-json\/wp\/v2\/comments?post=1969"}],"version-history":[{"count":2,"href":"https:\/\/www.movsarturizm.com\/index.php\/wp-json\/wp\/v2\/pages\/1969\/revisions"}],"predecessor-version":[{"id":2033,"href":"https:\/\/www.movsarturizm.com\/index.php\/wp-json\/wp\/v2\/pages\/1969\/revisions\/2033"}],"wp:attachment":[{"href":"https:\/\/www.movsarturizm.com\/index.php\/wp-json\/wp\/v2\/media?parent=1969"}],"curies":[{"name":"wp","href":"https:\/\/api.w.org\/{rel}","templated":true}]}}